{"id":108,"date":"2019-09-20T17:09:46","date_gmt":"2019-09-20T15:09:46","guid":{"rendered":"http:\/\/jura.vet\/wordpress\/?page_id=108"},"modified":"2020-09-28T12:09:45","modified_gmt":"2020-09-28T10:09:45","slug":"consultations-a-clinique","status":"publish","type":"page","link":"https:\/\/jura.vet\/index.php\/consultations-a-clinique\/","title":{"rendered":"Consultations toutes esp\u00e8ces"},"content":{"rendered":"<p>Vous pouvez emmener votre animal \u00e0 la clinique v\u00e9t\u00e9rinaire de la Brenne, quelque soit l&#8217;esp\u00e8ce ! Nous sommes \u00e9quip\u00e9s pour recevoir les chiens, chats, NAC, mais aussi les chevaux et les veaux gr\u00e2ce \u00e0 des espaces d\u00e9di\u00e9s.<!--more--><\/p>\n<p>La circulation des moyens de transport est optimis\u00e9e, vous pouvez ainsi d\u00e9poser votre cheval directement devant la salle de consultation \u00e9quine.<\/p>\n<p>Les examens locomoteurs ou d&#8217;imagerie (radiographie\/\u00e9chographie) peuvent ainsi \u00eatre r\u00e9alis\u00e9s dans les meilleures conditions.<\/p>\n<p>Nous disposons de locaux d&#8217;hospitalisation pour animaux de compagnie ainsi que pour des veaux et pour les chevaux.<\/p>\n<p>Pour les esp\u00e8ces de rente et pour les chevaux, nous nous d\u00e9pla\u00e7ons chez vous ou dans les pensions.<\/p>\n<p>Visite d&#8217;\u00e9levage, soins, consultation des chiens et chats \u00e0 domicile si la situation de l&#8217;animal l&#8217;exige.<\/p>\n<p>&nbsp;<\/p>\n<p>&nbsp;<\/p>\n","protected":false},"excerpt":{"rendered":"<p>Vous pouvez emmener votre animal \u00e0 la clinique v\u00e9t\u00e9rinaire de la Brenne, quelque soit l&#8217;esp\u00e8ce ! Nous sommes \u00e9quip\u00e9s pour recevoir les chiens, chats, NAC, mais aussi les chevaux et les veaux gr\u00e2ce \u00e0 des espaces d\u00e9di\u00e9s.<\/p>\n","protected":false},"author":1,"featured_media":0,"parent":0,"menu_order":0,"comment_status":"closed","ping_status":"closed","template":"","meta":{"footnotes":""},"class_list":["post-108","page","type-page","status-publish","hentry"],"_links":{"self":[{"href":"https:\/\/jura.vet\/index.php\/wp-json\/wp\/v2\/pages\/108","targetHints":{"allow":["GET"]}}],"collection":[{"href":"https:\/\/jura.vet\/index.php\/wp-json\/wp\/v2\/pages"}],"about":[{"href":"https:\/\/jura.vet\/index.php\/wp-json\/wp\/v2\/types\/page"}],"author":[{"embeddable":true,"href":"https:\/\/jura.vet\/index.php\/wp-json\/wp\/v2\/users\/1"}],"replies":[{"embeddable":true,"href":"https:\/\/jura.vet\/index.php\/wp-json\/wp\/v2\/comments?post=108"}],"version-history":[{"count":7,"href":"https:\/\/jura.vet\/index.php\/wp-json\/wp\/v2\/pages\/108\/revisions"}],"predecessor-version":[{"id":271,"href":"https:\/\/jura.vet\/index.php\/wp-json\/wp\/v2\/pages\/108\/revisions\/271"}],"wp:attachment":[{"href":"https:\/\/jura.vet\/index.php\/wp-json\/wp\/v2\/media?parent=108"}],"curies":[{"name":"wp","href":"https:\/\/api.w.org\/{rel}","templated":true}]}}