{"id":124,"date":"2019-09-21T11:02:43","date_gmt":"2019-09-21T09:02:43","guid":{"rendered":"http:\/\/jura.vet\/wordpress\/?page_id=124"},"modified":"2020-09-28T12:10:29","modified_gmt":"2020-09-28T10:10:29","slug":"chirurgie","status":"publish","type":"page","link":"https:\/\/jura.vet\/index.php\/chirurgie\/","title":{"rendered":"Chirurgie des animaux"},"content":{"rendered":"<p>Nous sommes \u00e9quip\u00e9s d&#8217;un bloc chirurgical, disposant d&#8217;un appareil d&#8217;anesth\u00e9sie gazeuse et d&#8217;un appareil de fusion tissulaire, ainsi qu&#8217;un moniteur permettant de contr\u00f4ler les param\u00e8tres vitaux lors d&#8217;une anesth\u00e9sie.<!--more--><\/p>\n<p>La ventilation a \u00e9t\u00e9 calibr\u00e9e pour limiter au maximum le risque de contamination nosocomiale. Le personnel est form\u00e9 aux derni\u00e8res techniques de d\u00e9sinfection \/ st\u00e9rilisation du mat\u00e9riel, et d\u00e9sinfection chirurgicale.<\/p>\n<p>Pour des chirurgies importantes, nous faisons appel \u00e0 un chirurgien de premier plan, dipl\u00f4m\u00e9 du coll\u00e8ge Europ\u00e9en de chirurgie, le dipl\u00f4me le plus important en m\u00e9decine v\u00e9t\u00e9rinaire. Il intervient dans nos locaux.<\/p>\n<figure id=\"attachment_125\" aria-describedby=\"caption-attachment-125\" style=\"width: 640px\" class=\"wp-caption alignnone\"><img loading=\"lazy\" decoding=\"async\" class=\"size-large wp-image-125\" src=\"http:\/\/jura.vet\/wordpress\/wp-content\/uploads\/2019\/09\/P1020730-1024x768.jpg\" alt=\"Chirurgie\" width=\"640\" height=\"480\" srcset=\"https:\/\/jura.vet\/wp-content\/uploads\/2019\/09\/P1020730-1024x768.jpg 1024w, https:\/\/jura.vet\/wp-content\/uploads\/2019\/09\/P1020730-300x225.jpg 300w, https:\/\/jura.vet\/wp-content\/uploads\/2019\/09\/P1020730-768x576.jpg 768w\" sizes=\"auto, (max-width: 640px) 100vw, 640px\" \/><figcaption id=\"caption-attachment-125\" class=\"wp-caption-text\">Bloc chirurgical<\/figcaption><\/figure>\n<p>Concernant les chevaux, ils peuvent \u00eatre op\u00e9r\u00e9s dans une salle d\u00e9di\u00e9e. Certaines op\u00e9rations ne pourront cependant pas encore \u00eatre r\u00e9alis\u00e9es sur place.<\/p>\n<p>Les veaux, moutons, porcs et ch\u00e8vres peuvent \u00eatre op\u00e9r\u00e9s pour tout type de chirurgie.<\/p>\n<p>Dans tous les cas, nous portons une attention toute particuli\u00e8re \u00e0 la pr\u00e9vention et la gestion de la douleur. Les v\u00e9t\u00e9rinaires et assistantes se forment tr\u00e8s r\u00e9guli\u00e8rement aux derni\u00e8res techniques d&#8217;anesth\u00e9sie et de chirurgie.<\/p>\n","protected":false},"excerpt":{"rendered":"<p>Nous sommes \u00e9quip\u00e9s d&#8217;un bloc chirurgical, disposant d&#8217;un appareil d&#8217;anesth\u00e9sie gazeuse et d&#8217;un appareil de fusion tissulaire, ainsi qu&#8217;un moniteur permettant de contr\u00f4ler les param\u00e8tres vitaux lors d&#8217;une anesth\u00e9sie.<\/p>\n","protected":false},"author":1,"featured_media":0,"parent":0,"menu_order":0,"comment_status":"closed","ping_status":"closed","template":"","meta":{"footnotes":""},"class_list":["post-124","page","type-page","status-publish","hentry"],"_links":{"self":[{"href":"https:\/\/jura.vet\/index.php\/wp-json\/wp\/v2\/pages\/124","targetHints":{"allow":["GET"]}}],"collection":[{"href":"https:\/\/jura.vet\/index.php\/wp-json\/wp\/v2\/pages"}],"about":[{"href":"https:\/\/jura.vet\/index.php\/wp-json\/wp\/v2\/types\/page"}],"author":[{"embeddable":true,"href":"https:\/\/jura.vet\/index.php\/wp-json\/wp\/v2\/users\/1"}],"replies":[{"embeddable":true,"href":"https:\/\/jura.vet\/index.php\/wp-json\/wp\/v2\/comments?post=124"}],"version-history":[{"count":6,"href":"https:\/\/jura.vet\/index.php\/wp-json\/wp\/v2\/pages\/124\/revisions"}],"predecessor-version":[{"id":286,"href":"https:\/\/jura.vet\/index.php\/wp-json\/wp\/v2\/pages\/124\/revisions\/286"}],"wp:attachment":[{"href":"https:\/\/jura.vet\/index.php\/wp-json\/wp\/v2\/media?parent=124"}],"curies":[{"name":"wp","href":"https:\/\/api.w.org\/{rel}","templated":true}]}}