{"id":128,"date":"2019-09-21T12:10:29","date_gmt":"2019-09-21T10:10:29","guid":{"rendered":"http:\/\/jura.vet\/wordpress\/?page_id=128"},"modified":"2020-09-28T12:12:03","modified_gmt":"2020-09-28T10:12:03","slug":"laboratoire-danalyses","status":"publish","type":"page","link":"https:\/\/jura.vet\/index.php\/laboratoire-danalyses\/","title":{"rendered":"Laboratoire d&#8217;analyses"},"content":{"rendered":"<p>Nous sommes \u00e9quip\u00e9s d&#8217;appareils performants pour r\u00e9aliser toutes sortes d&#8217;analyses \u00e0 la clinique, en moins de 15 minutes.<!--more--><\/p>\n<p>Notre \u00e9quipement permet de r\u00e9aliser :<\/p>\n<ul>\n<li>Num\u00e9ration formule sanguine gr\u00e2ce \u00e0 un automate d&#8217;h\u00e9matologie ultra-performant<\/li>\n<li>Biochimie compl\u00e8te jusqu&#8217;\u00e0 25 param\u00e8tres<\/li>\n<li>Endocrinologie avec suivi thyro\u00efdien, dosage de cortisol, et suivi de progest\u00e9rone canine pour la reproduction<\/li>\n<li>Analyse urinaire multiparam\u00e8tres<\/li>\n<li>Microscope de pr\u00e9cision pour cytologie, culot urinaire, frottis sanguin (piroplasmose), spermogramme, examens dermatologiques et coproscopie quantitative<\/li>\n<li>Tests rapides pour la leucose, le SIDA du chat, la leptospirose, la maladie de Lyme, la giardiose, la parvovirose, la dirofilariose, la PIF, etc&#8230;<\/li>\n<li>Bact\u00e9riologie avec antibiogramme (mammites, infections urinaires, &#8230;)<\/li>\n<li>Culture mycologique<\/li>\n<\/ul>\n<p>Le tout quelque soir l&#8217;heure ou le jour, dans toute situation d&#8217;urgence, pour poser un diagnostic, pour un d\u00e9pistage, ou avant une anesth\u00e9sie pour \u00e9valuer la coagulation et le bon fonctionnement des organes internes.<\/p>\n<p>Pour toute analyse non disponible en clinique, nous travaillons en collaboration avec les meilleurs laboratoires locaux, nationaux et internationaux pour des r\u00e9sultats rapides et fiables.<\/p>\n<figure id=\"attachment_120\" aria-describedby=\"caption-attachment-120\" style=\"width: 640px\" class=\"wp-caption alignnone\"><img loading=\"lazy\" decoding=\"async\" class=\"size-large wp-image-120\" src=\"http:\/\/jura.vet\/wordpress\/wp-content\/uploads\/2019\/09\/P1020731-1024x768.jpg\" alt=\"Biochimie\" width=\"640\" height=\"480\" srcset=\"https:\/\/jura.vet\/wp-content\/uploads\/2019\/09\/P1020731-1024x768.jpg 1024w, https:\/\/jura.vet\/wp-content\/uploads\/2019\/09\/P1020731-300x225.jpg 300w, https:\/\/jura.vet\/wp-content\/uploads\/2019\/09\/P1020731-768x576.jpg 768w\" sizes=\"auto, (max-width: 640px) 100vw, 640px\" \/><figcaption id=\"caption-attachment-120\" class=\"wp-caption-text\">Vue rapproch\u00e9e de l&#8217;analyseur de biochimie<\/figcaption><\/figure>\n<figure id=\"attachment_122\" aria-describedby=\"caption-attachment-122\" style=\"width: 640px\" class=\"wp-caption alignnone\"><img loading=\"lazy\" decoding=\"async\" class=\"size-large wp-image-122\" src=\"http:\/\/jura.vet\/wordpress\/wp-content\/uploads\/2019\/09\/P1020733-1024x768.jpg\" alt=\"Analyseur d'h\u00e9matologie\" width=\"640\" height=\"480\" srcset=\"https:\/\/jura.vet\/wp-content\/uploads\/2019\/09\/P1020733-1024x768.jpg 1024w, https:\/\/jura.vet\/wp-content\/uploads\/2019\/09\/P1020733-300x225.jpg 300w, https:\/\/jura.vet\/wp-content\/uploads\/2019\/09\/P1020733-768x576.jpg 768w\" sizes=\"auto, (max-width: 640px) 100vw, 640px\" \/><figcaption id=\"caption-attachment-122\" class=\"wp-caption-text\">Analyseur d&#8217;h\u00e9matologie et centrifugeuse<\/figcaption><\/figure>\n<figure id=\"attachment_121\" aria-describedby=\"caption-attachment-121\" style=\"width: 640px\" class=\"wp-caption alignnone\"><img loading=\"lazy\" decoding=\"async\" class=\"size-large wp-image-121\" src=\"http:\/\/jura.vet\/wordpress\/wp-content\/uploads\/2019\/09\/P1020732-e1569055104528-768x1024.jpg\" alt=\"Analyseur endocrinologie\" width=\"640\" height=\"853\" srcset=\"https:\/\/jura.vet\/wp-content\/uploads\/2019\/09\/P1020732-e1569055104528-768x1024.jpg 768w, https:\/\/jura.vet\/wp-content\/uploads\/2019\/09\/P1020732-e1569055104528-225x300.jpg 225w\" sizes=\"auto, (max-width: 640px) 100vw, 640px\" \/><figcaption id=\"caption-attachment-121\" class=\"wp-caption-text\">Analyseur pour hormones dont progest\u00e9rone<\/figcaption><\/figure>\n","protected":false},"excerpt":{"rendered":"<p>Nous sommes \u00e9quip\u00e9s d&#8217;appareils performants pour r\u00e9aliser toutes sortes d&#8217;analyses \u00e0 la clinique, en moins de 15 minutes.<\/p>\n","protected":false},"author":1,"featured_media":0,"parent":0,"menu_order":0,"comment_status":"closed","ping_status":"closed","template":"","meta":{"footnotes":""},"class_list":["post-128","page","type-page","status-publish","hentry"],"_links":{"self":[{"href":"https:\/\/jura.vet\/index.php\/wp-json\/wp\/v2\/pages\/128","targetHints":{"allow":["GET"]}}],"collection":[{"href":"https:\/\/jura.vet\/index.php\/wp-json\/wp\/v2\/pages"}],"about":[{"href":"https:\/\/jura.vet\/index.php\/wp-json\/wp\/v2\/types\/page"}],"author":[{"embeddable":true,"href":"https:\/\/jura.vet\/index.php\/wp-json\/wp\/v2\/users\/1"}],"replies":[{"embeddable":true,"href":"https:\/\/jura.vet\/index.php\/wp-json\/wp\/v2\/comments?post=128"}],"version-history":[{"count":4,"href":"https:\/\/jura.vet\/index.php\/wp-json\/wp\/v2\/pages\/128\/revisions"}],"predecessor-version":[{"id":274,"href":"https:\/\/jura.vet\/index.php\/wp-json\/wp\/v2\/pages\/128\/revisions\/274"}],"wp:attachment":[{"href":"https:\/\/jura.vet\/index.php\/wp-json\/wp\/v2\/media?parent=128"}],"curies":[{"name":"wp","href":"https:\/\/api.w.org\/{rel}","templated":true}]}}