{"id":138,"date":"2019-09-21T12:38:57","date_gmt":"2019-09-21T10:38:57","guid":{"rendered":"http:\/\/jura.vet\/wordpress\/?page_id=138"},"modified":"2020-09-28T12:11:36","modified_gmt":"2020-09-28T10:11:36","slug":"imagerie-medicale","status":"publish","type":"page","link":"https:\/\/jura.vet\/index.php\/imagerie-medicale\/","title":{"rendered":"Imagerie m\u00e9dicale"},"content":{"rendered":"<p>La clinique est \u00e9quip\u00e9e d&#8217;appareils d&#8217;imagerie tels que :<\/p>\n<ul>\n<li>\u00e9chographes (\u00e9chographie abdominale, cardiaque, reproduction, locomotion&#8230;)<\/li>\n<li>appareils de radiographie utilisant les toutes derni\u00e8res technologies, portatifs (examens des chevaux \u00e0 domicile).<\/li>\n<li>endoscopes (rhinoscopie, bronchoscopie, gastroscopie, coloscopie&#8230;)<\/li>\n<li>vid\u00e9o-otoscope<\/li>\n<\/ul>\n","protected":false},"excerpt":{"rendered":"<p>La clinique est \u00e9quip\u00e9e d&#8217;appareils d&#8217;imagerie tels que : \u00e9chographes (\u00e9chographie abdominale, cardiaque, reproduction, locomotion&#8230;) appareils de radiographie utilisant les toutes derni\u00e8res technologies, portatifs (examens des chevaux \u00e0 domicile). endoscopes (rhinoscopie, bronchoscopie, gastroscopie, coloscopie&#8230;) vid\u00e9o-otoscope<\/p>\n","protected":false},"author":1,"featured_media":0,"parent":0,"menu_order":0,"comment_status":"closed","ping_status":"closed","template":"","meta":{"footnotes":""},"class_list":["post-138","page","type-page","status-publish","hentry"],"_links":{"self":[{"href":"https:\/\/jura.vet\/index.php\/wp-json\/wp\/v2\/pages\/138","targetHints":{"allow":["GET"]}}],"collection":[{"href":"https:\/\/jura.vet\/index.php\/wp-json\/wp\/v2\/pages"}],"about":[{"href":"https:\/\/jura.vet\/index.php\/wp-json\/wp\/v2\/types\/page"}],"author":[{"embeddable":true,"href":"https:\/\/jura.vet\/index.php\/wp-json\/wp\/v2\/users\/1"}],"replies":[{"embeddable":true,"href":"https:\/\/jura.vet\/index.php\/wp-json\/wp\/v2\/comments?post=138"}],"version-history":[{"count":2,"href":"https:\/\/jura.vet\/index.php\/wp-json\/wp\/v2\/pages\/138\/revisions"}],"predecessor-version":[{"id":273,"href":"https:\/\/jura.vet\/index.php\/wp-json\/wp\/v2\/pages\/138\/revisions\/273"}],"wp:attachment":[{"href":"https:\/\/jura.vet\/index.php\/wp-json\/wp\/v2\/media?parent=138"}],"curies":[{"name":"wp","href":"https:\/\/api.w.org\/{rel}","templated":true}]}}