{"id":140,"date":"2019-09-21T12:42:32","date_gmt":"2019-09-21T10:42:32","guid":{"rendered":"http:\/\/jura.vet\/wordpress\/?page_id=140"},"modified":"2020-09-28T12:12:48","modified_gmt":"2020-09-28T10:12:48","slug":"urgence","status":"publish","type":"page","link":"https:\/\/jura.vet\/index.php\/urgence\/","title":{"rendered":"Urgence"},"content":{"rendered":"<p>En cas d&#8217;urgence, la clinique v\u00e9t\u00e9rinaire de la Brenne assure son propre service d&#8217;astreinte, 365 jours par an et 24h sur 24.<\/p>\n<p>En cas d&#8217;urgence absolue, en composant le num\u00e9ro de t\u00e9l\u00e9phone habituel, vous pourrez \u00eatre mis en contact avec un docteur v\u00e9t\u00e9rinaire exer\u00e7ant habituellement \u00e0 la clinique. Merci de toujours appeler avant de vous rendre \u00e0 la clinique, le v\u00e9t\u00e9rinaire pourrait d\u00e9j\u00e0 \u00eatre en intervention ailleurs.<\/p>\n","protected":false},"excerpt":{"rendered":"<p>En cas d&#8217;urgence, la clinique v\u00e9t\u00e9rinaire de la Brenne assure son propre service d&#8217;astreinte, 365 jours par an et 24h sur 24. En cas d&#8217;urgence absolue, en composant le num\u00e9ro de t\u00e9l\u00e9phone habituel, vous pourrez \u00eatre mis en contact avec un docteur v\u00e9t\u00e9rinaire exer\u00e7ant habituellement&hellip;<\/p>\n","protected":false},"author":1,"featured_media":0,"parent":0,"menu_order":0,"comment_status":"closed","ping_status":"closed","template":"","meta":{"footnotes":""},"class_list":["post-140","page","type-page","status-publish","hentry"],"_links":{"self":[{"href":"https:\/\/jura.vet\/index.php\/wp-json\/wp\/v2\/pages\/140","targetHints":{"allow":["GET"]}}],"collection":[{"href":"https:\/\/jura.vet\/index.php\/wp-json\/wp\/v2\/pages"}],"about":[{"href":"https:\/\/jura.vet\/index.php\/wp-json\/wp\/v2\/types\/page"}],"author":[{"embeddable":true,"href":"https:\/\/jura.vet\/index.php\/wp-json\/wp\/v2\/users\/1"}],"replies":[{"embeddable":true,"href":"https:\/\/jura.vet\/index.php\/wp-json\/wp\/v2\/comments?post=140"}],"version-history":[{"count":2,"href":"https:\/\/jura.vet\/index.php\/wp-json\/wp\/v2\/pages\/140\/revisions"}],"predecessor-version":[{"id":285,"href":"https:\/\/jura.vet\/index.php\/wp-json\/wp\/v2\/pages\/140\/revisions\/285"}],"wp:attachment":[{"href":"https:\/\/jura.vet\/index.php\/wp-json\/wp\/v2\/media?parent=140"}],"curies":[{"name":"wp","href":"https:\/\/api.w.org\/{rel}","templated":true}]}}