{"id":147,"date":"2019-09-21T12:55:32","date_gmt":"2019-09-21T10:55:32","guid":{"rendered":"http:\/\/jura.vet\/wordpress\/?page_id=147"},"modified":"2020-09-28T12:13:14","modified_gmt":"2020-09-28T10:13:14","slug":"reproduction","status":"publish","type":"page","link":"https:\/\/jura.vet\/index.php\/reproduction\/","title":{"rendered":"Reproduction"},"content":{"rendered":"<p>En lien avec Equisoins \u00e0 Gatey, nous assurons le suivi de chaleurs des juments, l&#8217;ins\u00e9mination artificielle (semence congel\u00e9e) et le suivi du poulinage.<\/p>\n<p>Pour les chiens, nous r\u00e9alisons directement \u00e0 la clinique le suivi de chaleurs des chiennes (dosage Progest\u00e9rone) , le pr\u00e9l\u00e8vement \u00e9ventuel du sperme pour ins\u00e9mination artificielle (sonde Osiris), ainsi que le suivi de gestation (\u00e9chographie \u00e0 partir de J19, radiographie de fin de gestation).<\/p>\n","protected":false},"excerpt":{"rendered":"<p>En lien avec Equisoins \u00e0 Gatey, nous assurons le suivi de chaleurs des juments, l&#8217;ins\u00e9mination artificielle (semence congel\u00e9e) et le suivi du poulinage. Pour les chiens, nous r\u00e9alisons directement \u00e0 la clinique le suivi de chaleurs des chiennes (dosage Progest\u00e9rone) , le pr\u00e9l\u00e8vement \u00e9ventuel du&hellip;<\/p>\n","protected":false},"author":1,"featured_media":0,"parent":0,"menu_order":0,"comment_status":"closed","ping_status":"closed","template":"","meta":{"footnotes":""},"class_list":["post-147","page","type-page","status-publish","hentry"],"_links":{"self":[{"href":"https:\/\/jura.vet\/index.php\/wp-json\/wp\/v2\/pages\/147","targetHints":{"allow":["GET"]}}],"collection":[{"href":"https:\/\/jura.vet\/index.php\/wp-json\/wp\/v2\/pages"}],"about":[{"href":"https:\/\/jura.vet\/index.php\/wp-json\/wp\/v2\/types\/page"}],"author":[{"embeddable":true,"href":"https:\/\/jura.vet\/index.php\/wp-json\/wp\/v2\/users\/1"}],"replies":[{"embeddable":true,"href":"https:\/\/jura.vet\/index.php\/wp-json\/wp\/v2\/comments?post=147"}],"version-history":[{"count":1,"href":"https:\/\/jura.vet\/index.php\/wp-json\/wp\/v2\/pages\/147\/revisions"}],"predecessor-version":[{"id":148,"href":"https:\/\/jura.vet\/index.php\/wp-json\/wp\/v2\/pages\/147\/revisions\/148"}],"wp:attachment":[{"href":"https:\/\/jura.vet\/index.php\/wp-json\/wp\/v2\/media?parent=147"}],"curies":[{"name":"wp","href":"https:\/\/api.w.org\/{rel}","templated":true}]}}